{"id":4223,"date":"2024-04-03T17:59:04","date_gmt":"2024-04-03T15:59:04","guid":{"rendered":"https:\/\/almastest.de\/?page_id=4223"},"modified":"2024-04-03T17:59:04","modified_gmt":"2024-04-03T15:59:04","slug":"danke","status":"publish","type":"page","link":"https:\/\/totmann-schalter.de\/at\/danke\/","title":{"rendered":"Vielen Dank f\u00fcr Ihr Interesse"},"content":{"rendered":"\n<h3 class=\"wp-block-heading\">Ihre Nachricht wurde gesendet. In K\u00fcrze erhalten Sie eine Best\u00e4tigung an die von Ihnen angegebene E-Mail Adresse. Ein zust\u00e4ndiger Sicherheitsberater wird sich mit Ihnen in Verbindung setzen, um noch offene Punkte, die f\u00fcr die reibungslose Nutzung des Ger\u00e4tes eine Rolle spielen k\u00f6nnen, zu kl\u00e4ren.<\/h3>\n\n\n\n<p><\/p>\n\n\n\n<p><\/p>\n","protected":false},"excerpt":{"rendered":"<p>Ihre Nachricht wurde gesendet. In K\u00fcrze erhalten Sie eine Best\u00e4tigung an die von Ihnen angegebene E-Mail Adresse. Ein zust\u00e4ndiger Sicherheitsberater wird sich [&hellip;]<\/p>\n","protected":false},"author":2,"featured_media":0,"parent":0,"menu_order":0,"comment_status":"closed","ping_status":"closed","template":"","meta":{"footnotes":""},"class_list":["post-4223","page","type-page","status-publish","hentry"],"yoast_head":"<!-- This site is optimized with the Yoast SEO Premium plugin v27.1 (Yoast SEO v27.1.1) - https:\/\/yoast.com\/product\/yoast-seo-premium-wordpress\/ -->\n<title>Vielen Dank f\u00fcr Ihr Interesse - \u00d6sterreich<\/title>\n<meta name=\"robots\" content=\"index, follow, max-snippet:-1, max-image-preview:large, max-video-preview:-1\" \/>\n<link rel=\"canonical\" href=\"https:\/\/totmann-schalter.de\/at\/danke\/\" \/>\n<meta property=\"og:locale\" content=\"de_DE\" \/>\n<meta property=\"og:type\" content=\"article\" \/>\n<meta property=\"og:title\" content=\"Vielen Dank f\u00fcr Ihr Interesse\" \/>\n<meta property=\"og:description\" content=\"Ihre Nachricht wurde gesendet. In K\u00fcrze erhalten Sie eine Best\u00e4tigung an die von Ihnen angegebene E-Mail Adresse. Ein zust\u00e4ndiger Sicherheitsberater wird sich [&hellip;]\" \/>\n<meta property=\"og:url\" content=\"https:\/\/totmann-schalter.de\/at\/danke\/\" \/>\n<meta property=\"og:site_name\" content=\"\u00d6sterreich\" \/>\n<meta name=\"twitter:card\" content=\"summary_large_image\" \/>\n<meta name=\"twitter:label1\" content=\"Gesch\u00e4tzte Lesezeit\" \/>\n\t<meta name=\"twitter:data1\" content=\"1 Minute\" \/>\n<script type=\"application\/ld+json\" class=\"yoast-schema-graph\">{\"@context\":\"https:\/\/schema.org\",\"@graph\":[{\"@type\":\"WebPage\",\"@id\":\"https:\/\/totmann-schalter.de\/at\/danke\/\",\"url\":\"https:\/\/totmann-schalter.de\/at\/danke\/\",\"name\":\"Vielen Dank f\u00fcr Ihr Interesse - \u00d6sterreich\",\"isPartOf\":{\"@id\":\"https:\/\/totmann-schalter.de\/at\/#website\"},\"datePublished\":\"2024-04-03T15:59:04+00:00\",\"breadcrumb\":{\"@id\":\"https:\/\/totmann-schalter.de\/at\/danke\/#breadcrumb\"},\"inLanguage\":\"de-AT\",\"potentialAction\":[{\"@type\":\"ReadAction\",\"target\":[\"https:\/\/totmann-schalter.de\/at\/danke\/\"]}]},{\"@type\":\"BreadcrumbList\",\"@id\":\"https:\/\/totmann-schalter.de\/at\/danke\/#breadcrumb\",\"itemListElement\":[{\"@type\":\"ListItem\",\"position\":1,\"name\":\"Accueil\",\"item\":\"https:\/\/totmann-schalter.de\/at\/\"},{\"@type\":\"ListItem\",\"position\":2,\"name\":\"Vielen Dank f\u00fcr Ihr Interesse\"}]},{\"@type\":\"WebSite\",\"@id\":\"https:\/\/totmann-schalter.de\/at\/#website\",\"url\":\"https:\/\/totmann-schalter.de\/at\/\",\"name\":\"\u00d6sterreich\",\"description\":\"\",\"potentialAction\":[{\"@type\":\"SearchAction\",\"target\":{\"@type\":\"EntryPoint\",\"urlTemplate\":\"https:\/\/totmann-schalter.de\/at\/?s={search_term_string}\"},\"query-input\":{\"@type\":\"PropertyValueSpecification\",\"valueRequired\":true,\"valueName\":\"search_term_string\"}}],\"inLanguage\":\"de-AT\"}]}<\/script>\n<!-- \/ Yoast SEO Premium plugin. -->","yoast_head_json":{"title":"Vielen Dank f\u00fcr Ihr Interesse - \u00d6sterreich","robots":{"index":"index","follow":"follow","max-snippet":"max-snippet:-1","max-image-preview":"max-image-preview:large","max-video-preview":"max-video-preview:-1"},"canonical":"https:\/\/totmann-schalter.de\/at\/danke\/","og_locale":"de_DE","og_type":"article","og_title":"Vielen Dank f\u00fcr Ihr Interesse","og_description":"Ihre Nachricht wurde gesendet. In K\u00fcrze erhalten Sie eine Best\u00e4tigung an die von Ihnen angegebene E-Mail Adresse. Ein zust\u00e4ndiger Sicherheitsberater wird sich [&hellip;]","og_url":"https:\/\/totmann-schalter.de\/at\/danke\/","og_site_name":"\u00d6sterreich","twitter_card":"summary_large_image","twitter_misc":{"Gesch\u00e4tzte Lesezeit":"1 Minute"},"schema":{"@context":"https:\/\/schema.org","@graph":[{"@type":"WebPage","@id":"https:\/\/totmann-schalter.de\/at\/danke\/","url":"https:\/\/totmann-schalter.de\/at\/danke\/","name":"Vielen Dank f\u00fcr Ihr Interesse - \u00d6sterreich","isPartOf":{"@id":"https:\/\/totmann-schalter.de\/at\/#website"},"datePublished":"2024-04-03T15:59:04+00:00","breadcrumb":{"@id":"https:\/\/totmann-schalter.de\/at\/danke\/#breadcrumb"},"inLanguage":"de-AT","potentialAction":[{"@type":"ReadAction","target":["https:\/\/totmann-schalter.de\/at\/danke\/"]}]},{"@type":"BreadcrumbList","@id":"https:\/\/totmann-schalter.de\/at\/danke\/#breadcrumb","itemListElement":[{"@type":"ListItem","position":1,"name":"Accueil","item":"https:\/\/totmann-schalter.de\/at\/"},{"@type":"ListItem","position":2,"name":"Vielen Dank f\u00fcr Ihr Interesse"}]},{"@type":"WebSite","@id":"https:\/\/totmann-schalter.de\/at\/#website","url":"https:\/\/totmann-schalter.de\/at\/","name":"\u00d6sterreich","description":"","potentialAction":[{"@type":"SearchAction","target":{"@type":"EntryPoint","urlTemplate":"https:\/\/totmann-schalter.de\/at\/?s={search_term_string}"},"query-input":{"@type":"PropertyValueSpecification","valueRequired":true,"valueName":"search_term_string"}}],"inLanguage":"de-AT"}]}},"_links":{"self":[{"href":"https:\/\/totmann-schalter.de\/at\/wp-json\/wp\/v2\/pages\/4223","targetHints":{"allow":["GET"]}}],"collection":[{"href":"https:\/\/totmann-schalter.de\/at\/wp-json\/wp\/v2\/pages"}],"about":[{"href":"https:\/\/totmann-schalter.de\/at\/wp-json\/wp\/v2\/types\/page"}],"author":[{"embeddable":true,"href":"https:\/\/totmann-schalter.de\/at\/wp-json\/wp\/v2\/users\/2"}],"replies":[{"embeddable":true,"href":"https:\/\/totmann-schalter.de\/at\/wp-json\/wp\/v2\/comments?post=4223"}],"version-history":[{"count":0,"href":"https:\/\/totmann-schalter.de\/at\/wp-json\/wp\/v2\/pages\/4223\/revisions"}],"wp:attachment":[{"href":"https:\/\/totmann-schalter.de\/at\/wp-json\/wp\/v2\/media?parent=4223"}],"curies":[{"name":"wp","href":"https:\/\/api.w.org\/{rel}","templated":true}]}}