{"id":812,"date":"2024-01-15T10:46:09","date_gmt":"2024-01-15T09:46:09","guid":{"rendered":"https:\/\/almastest.de\/?page_id=812"},"modified":"2025-03-21T09:50:39","modified_gmt":"2025-03-21T08:50:39","slug":"impressum","status":"publish","type":"page","link":"https:\/\/totmann-schalter.de\/at\/impressum\/","title":{"rendered":"Impressum"},"content":{"rendered":"\t\t<div data-elementor-type=\"wp-page\" data-elementor-id=\"812\" class=\"elementor elementor-812\" data-elementor-settings=\"{&quot;element_pack_global_tooltip_width&quot;:{&quot;unit&quot;:&quot;px&quot;,&quot;size&quot;:&quot;&quot;,&quot;sizes&quot;:[]},&quot;element_pack_global_tooltip_width_tablet&quot;:{&quot;unit&quot;:&quot;px&quot;,&quot;size&quot;:&quot;&quot;,&quot;sizes&quot;:[]},&quot;element_pack_global_tooltip_width_mobile&quot;:{&quot;unit&quot;:&quot;px&quot;,&quot;size&quot;:&quot;&quot;,&quot;sizes&quot;:[]},&quot;element_pack_global_tooltip_padding&quot;:{&quot;unit&quot;:&quot;px&quot;,&quot;top&quot;:&quot;&quot;,&quot;right&quot;:&quot;&quot;,&quot;bottom&quot;:&quot;&quot;,&quot;left&quot;:&quot;&quot;,&quot;isLinked&quot;:true},&quot;element_pack_global_tooltip_padding_tablet&quot;:{&quot;unit&quot;:&quot;px&quot;,&quot;top&quot;:&quot;&quot;,&quot;right&quot;:&quot;&quot;,&quot;bottom&quot;:&quot;&quot;,&quot;left&quot;:&quot;&quot;,&quot;isLinked&quot;:true},&quot;element_pack_global_tooltip_padding_mobile&quot;:{&quot;unit&quot;:&quot;px&quot;,&quot;top&quot;:&quot;&quot;,&quot;right&quot;:&quot;&quot;,&quot;bottom&quot;:&quot;&quot;,&quot;left&quot;:&quot;&quot;,&quot;isLinked&quot;:true},&quot;element_pack_global_tooltip_border_radius&quot;:{&quot;unit&quot;:&quot;px&quot;,&quot;top&quot;:&quot;&quot;,&quot;right&quot;:&quot;&quot;,&quot;bottom&quot;:&quot;&quot;,&quot;left&quot;:&quot;&quot;,&quot;isLinked&quot;:true},&quot;element_pack_global_tooltip_border_radius_tablet&quot;:{&quot;unit&quot;:&quot;px&quot;,&quot;top&quot;:&quot;&quot;,&quot;right&quot;:&quot;&quot;,&quot;bottom&quot;:&quot;&quot;,&quot;left&quot;:&quot;&quot;,&quot;isLinked&quot;:true},&quot;element_pack_global_tooltip_border_radius_mobile&quot;:{&quot;unit&quot;:&quot;px&quot;,&quot;top&quot;:&quot;&quot;,&quot;right&quot;:&quot;&quot;,&quot;bottom&quot;:&quot;&quot;,&quot;left&quot;:&quot;&quot;,&quot;isLinked&quot;:true}}\" data-elementor-post-type=\"page\">\n\t\t\t\t<div class=\"elementor-element elementor-element-ccbd941 e-flex e-con-boxed e-con e-parent\" data-id=\"ccbd941\" data-element_type=\"container\" data-e-type=\"container\">\n\t\t\t\t\t<div class=\"e-con-inner\">\n\t\t<div class=\"elementor-element elementor-element-bf1c115 e-con-full e-flex e-con e-child\" data-id=\"bf1c115\" data-element_type=\"container\" data-e-type=\"container\">\n\t\t\t\t<div class=\"elementor-element elementor-element-27c0892 elementor-widget elementor-widget-text-editor\" data-id=\"27c0892\" data-element_type=\"widget\" data-e-type=\"widget\" data-widget_type=\"text-editor.default\">\n\t\t\t\t<div class=\"elementor-widget-container\">\n\t\t\t\t\t\t\t\t\t<h2 class=\"wp-block-heading\">Angaben gem\u00e4\u00df \u00a7 5 TMG<\/h2><p><span class=\"elementor-icon-list-text\">Almas Industries GmbH<\/span><\/p><p><span class=\"elementor-icon-list-text\">Josef-Schwer-Gasse 9<\/span><\/p><p><span class=\"elementor-icon-list-text\">5020 Salzburg<\/span><\/p><p>Vorstandsvorsitzender<br \/>Herv\u00e9 Mangonaux<\/p><p>Vorsitzender des Aufsichtsrats<br \/>Walter Butler<\/p><h2 class=\"wp-block-heading\">Kontakt<\/h2><p>Tel.: +43 (0) 800 \/ 201 277<\/p><p>E-Mail: info@almas-industries.at<\/p><p>Rechtliche Angaben<br \/>USt.ID.nr. gem\u00e4\u00df \u00a7 27 a Umsatzsteuergesetz: DE814418527<br \/>Registergericht: Amtsgericht Mannheim Registernummer: HRB 1035<\/p><p>Trotz sorgf\u00e4ltiger inhaltlicher Kontrolle \u00fcbernehmen wir keine Haftung f\u00fcr die Inhalte externer Links. F\u00fcr den Inhalt der verlinkten Seiten sind ausschlie\u00dflich deren Betreiber verantwortlich. Alle hier verwendeten Namen, Begriffe, Zeichen und Grafiken k\u00f6nnen Marken- oder Warenzeichen im Besitze ihrer rechtlichen Eigent\u00fcmer sein. Die Rechte aller erw\u00e4hnten und benutzten Marken- und Warenzeichen liegen ausschlie\u00dflich bei deren Besitzern.<\/p>\t\t\t\t\t\t\t\t<\/div>\n\t\t\t\t<\/div>\n\t\t\t\t<\/div>\n\t\t<div class=\"elementor-element elementor-element-7e10fca e-con-full e-flex e-con e-child\" data-id=\"7e10fca\" data-element_type=\"container\" data-e-type=\"container\">\n\t\t\t\t<\/div>\n\t\t\t\t\t<\/div>\n\t\t\t\t<\/div>\n\t\t\t\t<\/div>\n\t\t","protected":false},"excerpt":{"rendered":"<p>Angaben gem\u00e4\u00df \u00a7 5 TMG Almas Industries GmbH Josef-Schwer-Gasse 9 5020 Salzburg VorstandsvorsitzenderHerv\u00e9 Mangonaux Vorsitzender des AufsichtsratsWalter Butler Kontakt Tel.: +43 (0) [&hellip;]<\/p>\n","protected":false},"author":2,"featured_media":0,"parent":0,"menu_order":0,"comment_status":"closed","ping_status":"closed","template":"elementor_theme","meta":{"footnotes":""},"class_list":["post-812","page","type-page","status-publish","hentry"],"yoast_head":"<!-- This site is optimized with the Yoast SEO Premium plugin v27.1 (Yoast SEO v27.1.1) - https:\/\/yoast.com\/product\/yoast-seo-premium-wordpress\/ -->\n<title>Impressum - \u00d6sterreich<\/title>\n<meta name=\"robots\" content=\"index, follow, max-snippet:-1, max-image-preview:large, max-video-preview:-1\" \/>\n<link rel=\"canonical\" href=\"https:\/\/totmann-schalter.de\/at\/impressum\/\" \/>\n<meta property=\"og:locale\" content=\"de_DE\" \/>\n<meta property=\"og:type\" content=\"article\" \/>\n<meta property=\"og:title\" content=\"Impressum\" \/>\n<meta property=\"og:description\" content=\"Angaben gem\u00e4\u00df \u00a7 5 TMG Almas Industries GmbH Josef-Schwer-Gasse 9 5020 Salzburg VorstandsvorsitzenderHerv\u00e9 Mangonaux Vorsitzender des AufsichtsratsWalter Butler Kontakt Tel.: +43 (0) [&hellip;]\" \/>\n<meta property=\"og:url\" content=\"https:\/\/totmann-schalter.de\/at\/impressum\/\" \/>\n<meta property=\"og:site_name\" content=\"\u00d6sterreich\" \/>\n<meta property=\"article:modified_time\" content=\"2025-03-21T08:50:39+00:00\" \/>\n<meta name=\"twitter:card\" content=\"summary_large_image\" \/>\n<meta name=\"twitter:label1\" content=\"Gesch\u00e4tzte Lesezeit\" \/>\n\t<meta name=\"twitter:data1\" content=\"1 Minute\" \/>\n<script type=\"application\/ld+json\" class=\"yoast-schema-graph\">{\"@context\":\"https:\/\/schema.org\",\"@graph\":[{\"@type\":\"WebPage\",\"@id\":\"https:\/\/totmann-schalter.de\/at\/impressum\/\",\"url\":\"https:\/\/totmann-schalter.de\/at\/impressum\/\",\"name\":\"Impressum - \u00d6sterreich\",\"isPartOf\":{\"@id\":\"https:\/\/totmann-schalter.de\/at\/#website\"},\"datePublished\":\"2024-01-15T09:46:09+00:00\",\"dateModified\":\"2025-03-21T08:50:39+00:00\",\"breadcrumb\":{\"@id\":\"https:\/\/totmann-schalter.de\/at\/impressum\/#breadcrumb\"},\"inLanguage\":\"de-AT\",\"potentialAction\":[{\"@type\":\"ReadAction\",\"target\":[\"https:\/\/totmann-schalter.de\/at\/impressum\/\"]}]},{\"@type\":\"BreadcrumbList\",\"@id\":\"https:\/\/totmann-schalter.de\/at\/impressum\/#breadcrumb\",\"itemListElement\":[{\"@type\":\"ListItem\",\"position\":1,\"name\":\"Accueil\",\"item\":\"https:\/\/totmann-schalter.de\/at\/\"},{\"@type\":\"ListItem\",\"position\":2,\"name\":\"Impressum\"}]},{\"@type\":\"WebSite\",\"@id\":\"https:\/\/totmann-schalter.de\/at\/#website\",\"url\":\"https:\/\/totmann-schalter.de\/at\/\",\"name\":\"\u00d6sterreich\",\"description\":\"\",\"potentialAction\":[{\"@type\":\"SearchAction\",\"target\":{\"@type\":\"EntryPoint\",\"urlTemplate\":\"https:\/\/totmann-schalter.de\/at\/?s={search_term_string}\"},\"query-input\":{\"@type\":\"PropertyValueSpecification\",\"valueRequired\":true,\"valueName\":\"search_term_string\"}}],\"inLanguage\":\"de-AT\"}]}<\/script>\n<!-- \/ Yoast SEO Premium plugin. -->","yoast_head_json":{"title":"Impressum - \u00d6sterreich","robots":{"index":"index","follow":"follow","max-snippet":"max-snippet:-1","max-image-preview":"max-image-preview:large","max-video-preview":"max-video-preview:-1"},"canonical":"https:\/\/totmann-schalter.de\/at\/impressum\/","og_locale":"de_DE","og_type":"article","og_title":"Impressum","og_description":"Angaben gem\u00e4\u00df \u00a7 5 TMG Almas Industries GmbH Josef-Schwer-Gasse 9 5020 Salzburg VorstandsvorsitzenderHerv\u00e9 Mangonaux Vorsitzender des AufsichtsratsWalter Butler Kontakt Tel.: +43 (0) [&hellip;]","og_url":"https:\/\/totmann-schalter.de\/at\/impressum\/","og_site_name":"\u00d6sterreich","article_modified_time":"2025-03-21T08:50:39+00:00","twitter_card":"summary_large_image","twitter_misc":{"Gesch\u00e4tzte Lesezeit":"1 Minute"},"schema":{"@context":"https:\/\/schema.org","@graph":[{"@type":"WebPage","@id":"https:\/\/totmann-schalter.de\/at\/impressum\/","url":"https:\/\/totmann-schalter.de\/at\/impressum\/","name":"Impressum - \u00d6sterreich","isPartOf":{"@id":"https:\/\/totmann-schalter.de\/at\/#website"},"datePublished":"2024-01-15T09:46:09+00:00","dateModified":"2025-03-21T08:50:39+00:00","breadcrumb":{"@id":"https:\/\/totmann-schalter.de\/at\/impressum\/#breadcrumb"},"inLanguage":"de-AT","potentialAction":[{"@type":"ReadAction","target":["https:\/\/totmann-schalter.de\/at\/impressum\/"]}]},{"@type":"BreadcrumbList","@id":"https:\/\/totmann-schalter.de\/at\/impressum\/#breadcrumb","itemListElement":[{"@type":"ListItem","position":1,"name":"Accueil","item":"https:\/\/totmann-schalter.de\/at\/"},{"@type":"ListItem","position":2,"name":"Impressum"}]},{"@type":"WebSite","@id":"https:\/\/totmann-schalter.de\/at\/#website","url":"https:\/\/totmann-schalter.de\/at\/","name":"\u00d6sterreich","description":"","potentialAction":[{"@type":"SearchAction","target":{"@type":"EntryPoint","urlTemplate":"https:\/\/totmann-schalter.de\/at\/?s={search_term_string}"},"query-input":{"@type":"PropertyValueSpecification","valueRequired":true,"valueName":"search_term_string"}}],"inLanguage":"de-AT"}]}},"_links":{"self":[{"href":"https:\/\/totmann-schalter.de\/at\/wp-json\/wp\/v2\/pages\/812","targetHints":{"allow":["GET"]}}],"collection":[{"href":"https:\/\/totmann-schalter.de\/at\/wp-json\/wp\/v2\/pages"}],"about":[{"href":"https:\/\/totmann-schalter.de\/at\/wp-json\/wp\/v2\/types\/page"}],"author":[{"embeddable":true,"href":"https:\/\/totmann-schalter.de\/at\/wp-json\/wp\/v2\/users\/2"}],"replies":[{"embeddable":true,"href":"https:\/\/totmann-schalter.de\/at\/wp-json\/wp\/v2\/comments?post=812"}],"version-history":[{"count":9,"href":"https:\/\/totmann-schalter.de\/at\/wp-json\/wp\/v2\/pages\/812\/revisions"}],"predecessor-version":[{"id":6769,"href":"https:\/\/totmann-schalter.de\/at\/wp-json\/wp\/v2\/pages\/812\/revisions\/6769"}],"wp:attachment":[{"href":"https:\/\/totmann-schalter.de\/at\/wp-json\/wp\/v2\/media?parent=812"}],"curies":[{"name":"wp","href":"https:\/\/api.w.org\/{rel}","templated":true}]}}