{"id":866,"date":"2024-01-15T11:42:12","date_gmt":"2024-01-15T10:42:12","guid":{"rendered":"https:\/\/almastest.de\/?page_id=866"},"modified":"2025-03-21T09:57:29","modified_gmt":"2025-03-21T08:57:29","slug":"uber-uns","status":"publish","type":"page","link":"https:\/\/totmann-schalter.de\/at\/uber-uns\/","title":{"rendered":"\u00dcber uns"},"content":{"rendered":"\t\t<div data-elementor-type=\"wp-page\" data-elementor-id=\"866\" class=\"elementor elementor-866\" data-elementor-settings=\"{&quot;element_pack_global_tooltip_width&quot;:{&quot;unit&quot;:&quot;px&quot;,&quot;size&quot;:&quot;&quot;,&quot;sizes&quot;:[]},&quot;element_pack_global_tooltip_width_tablet&quot;:{&quot;unit&quot;:&quot;px&quot;,&quot;size&quot;:&quot;&quot;,&quot;sizes&quot;:[]},&quot;element_pack_global_tooltip_width_mobile&quot;:{&quot;unit&quot;:&quot;px&quot;,&quot;size&quot;:&quot;&quot;,&quot;sizes&quot;:[]},&quot;element_pack_global_tooltip_padding&quot;:{&quot;unit&quot;:&quot;px&quot;,&quot;top&quot;:&quot;&quot;,&quot;right&quot;:&quot;&quot;,&quot;bottom&quot;:&quot;&quot;,&quot;left&quot;:&quot;&quot;,&quot;isLinked&quot;:true},&quot;element_pack_global_tooltip_padding_tablet&quot;:{&quot;unit&quot;:&quot;px&quot;,&quot;top&quot;:&quot;&quot;,&quot;right&quot;:&quot;&quot;,&quot;bottom&quot;:&quot;&quot;,&quot;left&quot;:&quot;&quot;,&quot;isLinked&quot;:true},&quot;element_pack_global_tooltip_padding_mobile&quot;:{&quot;unit&quot;:&quot;px&quot;,&quot;top&quot;:&quot;&quot;,&quot;right&quot;:&quot;&quot;,&quot;bottom&quot;:&quot;&quot;,&quot;left&quot;:&quot;&quot;,&quot;isLinked&quot;:true},&quot;element_pack_global_tooltip_border_radius&quot;:{&quot;unit&quot;:&quot;px&quot;,&quot;top&quot;:&quot;&quot;,&quot;right&quot;:&quot;&quot;,&quot;bottom&quot;:&quot;&quot;,&quot;left&quot;:&quot;&quot;,&quot;isLinked&quot;:true},&quot;element_pack_global_tooltip_border_radius_tablet&quot;:{&quot;unit&quot;:&quot;px&quot;,&quot;top&quot;:&quot;&quot;,&quot;right&quot;:&quot;&quot;,&quot;bottom&quot;:&quot;&quot;,&quot;left&quot;:&quot;&quot;,&quot;isLinked&quot;:true},&quot;element_pack_global_tooltip_border_radius_mobile&quot;:{&quot;unit&quot;:&quot;px&quot;,&quot;top&quot;:&quot;&quot;,&quot;right&quot;:&quot;&quot;,&quot;bottom&quot;:&quot;&quot;,&quot;left&quot;:&quot;&quot;,&quot;isLinked&quot;:true}}\" data-elementor-post-type=\"page\">\n\t\t\t\t<div class=\"elementor-element elementor-element-ccbd941 e-flex e-con-boxed e-con e-parent\" data-id=\"ccbd941\" data-element_type=\"container\" data-e-type=\"container\">\n\t\t\t\t\t<div class=\"e-con-inner\">\n\t\t<div class=\"elementor-element elementor-element-bf1c115 e-con-full e-flex e-con e-child\" data-id=\"bf1c115\" data-element_type=\"container\" data-e-type=\"container\">\n\t\t\t\t<div class=\"elementor-element elementor-element-27c0892 elementor-widget elementor-widget-text-editor\" data-id=\"27c0892\" data-element_type=\"widget\" data-e-type=\"widget\" data-widget_type=\"text-editor.default\">\n\t\t\t\t<div class=\"elementor-widget-container\">\n\t\t\t\t\t\t\t\t\t<h2>Firmenportrait:<\/h2><p>Almas Industries ist ein f\u00fchrendes europ\u00e4isches Unternehmen f\u00fcr innovative Sicherheitsl\u00f6sungen in den Bereichen Live-Einbruchschutz, Video\u00fcberwachung, Alleinarbeiterschutz, Personenschutz, Zeitmanagement und Zutrittskontrollen. Zudem bieten wir kontaktlose Zutrittssysteme an, die als wichtige Sicherheitsma\u00dfnahmen zur Pr\u00e4vention und Ausbreitung von Pandemien anerkannt sind.<\/p><p>Das Unternehmen ist seit 2004 am deutschen Markt t\u00e4tig und stellt seinen Kunden als bundesweit t\u00e4tiger Dienstleister ma\u00dfgeschneiderte Sicherheitskonzepte und einen Full-Service bereit. Der Hauptsitz befindet sich im S\u00fcden Deutschlands, in Mannheim. Die flexible Unternehmensstruktur mit f\u00fcnf weiteren Niederlassungen macht es m\u00f6glich, als regionaler Ansprechpartner zu fungieren, um Kunden den bestm\u00f6glichen Service bereitzustellen. Die Unternehmensgruppe ist mittlerweile mit \u00fcber 300 Mitarbeitern auf mehr als 30.000 Kunden in acht L\u00e4ndern gewachsen, darunter z\u00e4hlen europaweit viele namhafte Kunden zu deren Referenzen. Die Tochtergesellschaft Eden Innovation hat ihren Sitz in Aix-en-Provence in S\u00fcdfrankreich. Dort werden die Sicherheitsl\u00f6sungen f\u00fcr biometrische Zutrittskontrolle und Zeiterfassung entworfen, entwickelt und hergestellt.<\/p><h2>Unsere Mission:<\/h2><p>Mit dem Einsatz eines\u00a0<strong><a href=\"https:\/\/totmann-schalter.de\/at\" target=\"_blank\" rel=\"noopener\">Totmannschalters<\/a><\/strong>\u00a0sichern Arbeitgeber nicht nur ihre Alleinarbeiter ab, sondern sind zus\u00e4tzlich im Bereich des Arbeitsschutzgesetzes abgesichert.<\/p><h2>Unser Auftrag:<\/h2><p>Unsere L\u00f6sungen umfassen den Schutz von gef\u00e4hrdeten Alleinarbeitern, aber auch biometrische und kontaktlose Zutrittskontrollen, Video\u00fcberwachung, Fern\u00fcberwachung, Einbruchschutz und Zeiterfassungssysteme.<\/p><h2>Zertifizierung:<\/h2><p>Im Jahr 2018 erhielt Almas Industries die Zertifizierung gem\u00e4\u00df DIN EN ISO 9001, eine Norm, die die Anwendung eines Qualit\u00e4tsmanagementsystems bescheinigt. Der Schwerpunkt der Norm liegt auf Beratung, Konzeptionierung, Errichtung, Wartung und Instandhaltung von Gefahrenmeldeanlagen.<\/p>\t\t\t\t\t\t\t\t<\/div>\n\t\t\t\t<\/div>\n\t\t\t\t<div class=\"elementor-element elementor-element-7a1f453 elementor-widget elementor-widget-button\" data-id=\"7a1f453\" data-element_type=\"widget\" data-e-type=\"widget\" data-widget_type=\"button.default\">\n\t\t\t\t<div class=\"elementor-widget-container\">\n\t\t\t\t\t\t\t\t\t<div class=\"elementor-button-wrapper\">\n\t\t\t\t\t<a class=\"elementor-button elementor-button-link elementor-size-sm\" href=\"https:\/\/www.almas-industries.de\" target=\"_blank\">\n\t\t\t\t\t\t<span class=\"elementor-button-content-wrapper\">\n\t\t\t\t\t\t<span class=\"elementor-button-icon\">\n\t\t\t\t<svg aria-hidden=\"true\" class=\"e-font-icon-svg e-fas-arrow-right\" viewBox=\"0 0 448 512\" xmlns=\"http:\/\/www.w3.org\/2000\/svg\"><path d=\"M190.5 66.9l22.2-22.2c9.4-9.4 24.6-9.4 33.9 0L441 239c9.4 9.4 9.4 24.6 0 33.9L246.6 467.3c-9.4 9.4-24.6 9.4-33.9 0l-22.2-22.2c-9.5-9.5-9.3-25 .4-34.3L311.4 296H24c-13.3 0-24-10.7-24-24v-32c0-13.3 10.7-24 24-24h287.4L190.9 101.2c-9.8-9.3-10-24.8-.4-34.3z\"><\/path><\/svg>\t\t\t<\/span>\n\t\t\t\t\t\t\t\t\t<span class=\"elementor-button-text\">Erfahren Sie mehr \u00fcber uns<\/span>\n\t\t\t\t\t<\/span>\n\t\t\t\t\t<\/a>\n\t\t\t\t<\/div>\n\t\t\t\t\t\t\t\t<\/div>\n\t\t\t\t<\/div>\n\t\t\t\t<\/div>\n\t\t<div class=\"elementor-element elementor-element-7e10fca e-con-full e-flex e-con e-child\" data-id=\"7e10fca\" data-element_type=\"container\" data-e-type=\"container\">\n\t\t\t\t<div class=\"elementor-element elementor-element-111a65b elementor-widget elementor-widget-video\" data-id=\"111a65b\" data-element_type=\"widget\" data-e-type=\"widget\" data-settings=\"{&quot;video_type&quot;:&quot;vimeo&quot;,&quot;autoplay&quot;:&quot;yes&quot;,&quot;mute&quot;:&quot;yes&quot;,&quot;loop&quot;:&quot;yes&quot;}\" data-widget_type=\"video.default\">\n\t\t\t\t<div class=\"elementor-widget-container\">\n\t\t\t\t\t\t\t<div class=\"elementor-wrapper elementor-open-inline\">\n\t\t\t<iframe class=\"elementor-video-iframe\" allowfullscreen allow=\"autoplay\" title=\"vimeo Video Player\" src=\"https:\/\/player.vimeo.com\/video\/333734197?autoplay=1&amp;color&amp;autopause=0&amp;loop=1&amp;muted=1&amp;title=0&amp;portrait=0&amp;byline=0#t=\"><\/iframe>\t\t<\/div>\n\t\t\t\t\t\t<\/div>\n\t\t\t\t<\/div>\n\t\t\t\t<div class=\"elementor-element elementor-element-f8f44e8 elementor-widget elementor-widget-image\" data-id=\"f8f44e8\" data-element_type=\"widget\" data-e-type=\"widget\" data-widget_type=\"image.default\">\n\t\t\t\t<div class=\"elementor-widget-container\">\n\t\t\t\t\t\t\t\t\t\t\t\t\t\t\t<img decoding=\"async\" width=\"240\" height=\"117\" src=\"https:\/\/totmann-schalter.de\/at\/wp-content\/uploads\/sites\/5\/2024\/01\/vds_iso_9001_240px.png\" class=\"attachment-full size-full wp-image-872\" alt=\"vds_iso_9001\" \/>\t\t\t\t\t\t\t\t\t\t\t\t\t\t\t<\/div>\n\t\t\t\t<\/div>\n\t\t\t\t<\/div>\n\t\t\t\t\t<\/div>\n\t\t\t\t<\/div>\n\t\t\t\t<\/div>\n\t\t","protected":false},"excerpt":{"rendered":"<p>Firmenportrait: Almas Industries ist ein f\u00fchrendes europ\u00e4isches Unternehmen f\u00fcr innovative Sicherheitsl\u00f6sungen in den Bereichen Live-Einbruchschutz, Video\u00fcberwachung, Alleinarbeiterschutz, Personenschutz, Zeitmanagement und Zutrittskontrollen. Zudem [&hellip;]<\/p>\n","protected":false},"author":2,"featured_media":0,"parent":0,"menu_order":0,"comment_status":"closed","ping_status":"closed","template":"elementor_theme","meta":{"footnotes":""},"class_list":["post-866","page","type-page","status-publish","hentry"],"yoast_head":"<!-- This site is optimized with the Yoast SEO Premium plugin v27.1 (Yoast SEO v27.1.1) - https:\/\/yoast.com\/product\/yoast-seo-premium-wordpress\/ -->\n<title>Totmannschalter und PNAs von Almas Industries<\/title>\n<meta name=\"description\" content=\"Almas Industries ist ein f\u00fchrendes europ\u00e4isches Unternehmen f\u00fcr innovative Sicherheitsl\u00f6sungen in den Bereichen Objekt- und Personenschutz.\" \/>\n<meta name=\"robots\" content=\"index, follow, max-snippet:-1, max-image-preview:large, max-video-preview:-1\" \/>\n<link rel=\"canonical\" href=\"https:\/\/totmann-schalter.de\/at\/uber-uns\/\" \/>\n<meta property=\"og:locale\" content=\"de_DE\" \/>\n<meta property=\"og:type\" content=\"article\" \/>\n<meta property=\"og:title\" content=\"\u00dcber uns\" \/>\n<meta property=\"og:description\" content=\"Almas Industries ist ein f\u00fchrendes europ\u00e4isches Unternehmen f\u00fcr innovative Sicherheitsl\u00f6sungen in den Bereichen Objekt- und Personenschutz.\" \/>\n<meta property=\"og:url\" content=\"https:\/\/totmann-schalter.de\/at\/uber-uns\/\" \/>\n<meta property=\"og:site_name\" content=\"\u00d6sterreich\" \/>\n<meta property=\"article:modified_time\" content=\"2025-03-21T08:57:29+00:00\" \/>\n<meta property=\"og:image\" content=\"https:\/\/totmann-schalter.de\/at\/wp-content\/uploads\/sites\/5\/2024\/01\/vds_iso_9001_240px.png\" \/>\n<meta name=\"twitter:card\" content=\"summary_large_image\" \/>\n<meta name=\"twitter:label1\" content=\"Gesch\u00e4tzte Lesezeit\" \/>\n\t<meta name=\"twitter:data1\" content=\"2 Minuten\" \/>\n<script type=\"application\/ld+json\" class=\"yoast-schema-graph\">{\"@context\":\"https:\/\/schema.org\",\"@graph\":[{\"@type\":\"WebPage\",\"@id\":\"https:\/\/totmann-schalter.de\/at\/uber-uns\/\",\"url\":\"https:\/\/totmann-schalter.de\/at\/uber-uns\/\",\"name\":\"Totmannschalter und PNAs von Almas Industries\",\"isPartOf\":{\"@id\":\"https:\/\/totmann-schalter.de\/at\/#website\"},\"primaryImageOfPage\":{\"@id\":\"https:\/\/totmann-schalter.de\/at\/uber-uns\/#primaryimage\"},\"image\":{\"@id\":\"https:\/\/totmann-schalter.de\/at\/uber-uns\/#primaryimage\"},\"thumbnailUrl\":\"https:\/\/totmann-schalter.de\/at\/wp-content\/uploads\/sites\/5\/2024\/01\/vds_iso_9001_240px.png\",\"datePublished\":\"2024-01-15T10:42:12+00:00\",\"dateModified\":\"2025-03-21T08:57:29+00:00\",\"description\":\"Almas Industries ist ein f\u00fchrendes europ\u00e4isches Unternehmen f\u00fcr innovative Sicherheitsl\u00f6sungen in den Bereichen Objekt- und Personenschutz.\",\"breadcrumb\":{\"@id\":\"https:\/\/totmann-schalter.de\/at\/uber-uns\/#breadcrumb\"},\"inLanguage\":\"de-AT\",\"potentialAction\":[{\"@type\":\"ReadAction\",\"target\":[\"https:\/\/totmann-schalter.de\/at\/uber-uns\/\"]}]},{\"@type\":\"ImageObject\",\"inLanguage\":\"de-AT\",\"@id\":\"https:\/\/totmann-schalter.de\/at\/uber-uns\/#primaryimage\",\"url\":\"https:\/\/totmann-schalter.de\/at\/wp-content\/uploads\/sites\/5\/2024\/01\/vds_iso_9001_240px.png\",\"contentUrl\":\"https:\/\/totmann-schalter.de\/at\/wp-content\/uploads\/sites\/5\/2024\/01\/vds_iso_9001_240px.png\",\"width\":240,\"height\":117,\"caption\":\"vds_iso_9001\"},{\"@type\":\"BreadcrumbList\",\"@id\":\"https:\/\/totmann-schalter.de\/at\/uber-uns\/#breadcrumb\",\"itemListElement\":[{\"@type\":\"ListItem\",\"position\":1,\"name\":\"Accueil\",\"item\":\"https:\/\/totmann-schalter.de\/at\/\"},{\"@type\":\"ListItem\",\"position\":2,\"name\":\"\u00dcber uns\"}]},{\"@type\":\"WebSite\",\"@id\":\"https:\/\/totmann-schalter.de\/at\/#website\",\"url\":\"https:\/\/totmann-schalter.de\/at\/\",\"name\":\"\u00d6sterreich\",\"description\":\"\",\"potentialAction\":[{\"@type\":\"SearchAction\",\"target\":{\"@type\":\"EntryPoint\",\"urlTemplate\":\"https:\/\/totmann-schalter.de\/at\/?s={search_term_string}\"},\"query-input\":{\"@type\":\"PropertyValueSpecification\",\"valueRequired\":true,\"valueName\":\"search_term_string\"}}],\"inLanguage\":\"de-AT\"}]}<\/script>\n<!-- \/ Yoast SEO Premium plugin. -->","yoast_head_json":{"title":"Totmannschalter und PNAs von Almas Industries","description":"Almas Industries ist ein f\u00fchrendes europ\u00e4isches Unternehmen f\u00fcr innovative Sicherheitsl\u00f6sungen in den Bereichen Objekt- und Personenschutz.","robots":{"index":"index","follow":"follow","max-snippet":"max-snippet:-1","max-image-preview":"max-image-preview:large","max-video-preview":"max-video-preview:-1"},"canonical":"https:\/\/totmann-schalter.de\/at\/uber-uns\/","og_locale":"de_DE","og_type":"article","og_title":"\u00dcber uns","og_description":"Almas Industries ist ein f\u00fchrendes europ\u00e4isches Unternehmen f\u00fcr innovative Sicherheitsl\u00f6sungen in den Bereichen Objekt- und Personenschutz.","og_url":"https:\/\/totmann-schalter.de\/at\/uber-uns\/","og_site_name":"\u00d6sterreich","article_modified_time":"2025-03-21T08:57:29+00:00","og_image":[{"url":"https:\/\/totmann-schalter.de\/at\/wp-content\/uploads\/sites\/5\/2024\/01\/vds_iso_9001_240px.png","type":"","width":"","height":""}],"twitter_card":"summary_large_image","twitter_misc":{"Gesch\u00e4tzte Lesezeit":"2 Minuten"},"schema":{"@context":"https:\/\/schema.org","@graph":[{"@type":"WebPage","@id":"https:\/\/totmann-schalter.de\/at\/uber-uns\/","url":"https:\/\/totmann-schalter.de\/at\/uber-uns\/","name":"Totmannschalter und PNAs von Almas Industries","isPartOf":{"@id":"https:\/\/totmann-schalter.de\/at\/#website"},"primaryImageOfPage":{"@id":"https:\/\/totmann-schalter.de\/at\/uber-uns\/#primaryimage"},"image":{"@id":"https:\/\/totmann-schalter.de\/at\/uber-uns\/#primaryimage"},"thumbnailUrl":"https:\/\/totmann-schalter.de\/at\/wp-content\/uploads\/sites\/5\/2024\/01\/vds_iso_9001_240px.png","datePublished":"2024-01-15T10:42:12+00:00","dateModified":"2025-03-21T08:57:29+00:00","description":"Almas Industries ist ein f\u00fchrendes europ\u00e4isches Unternehmen f\u00fcr innovative Sicherheitsl\u00f6sungen in den Bereichen Objekt- und Personenschutz.","breadcrumb":{"@id":"https:\/\/totmann-schalter.de\/at\/uber-uns\/#breadcrumb"},"inLanguage":"de-AT","potentialAction":[{"@type":"ReadAction","target":["https:\/\/totmann-schalter.de\/at\/uber-uns\/"]}]},{"@type":"ImageObject","inLanguage":"de-AT","@id":"https:\/\/totmann-schalter.de\/at\/uber-uns\/#primaryimage","url":"https:\/\/totmann-schalter.de\/at\/wp-content\/uploads\/sites\/5\/2024\/01\/vds_iso_9001_240px.png","contentUrl":"https:\/\/totmann-schalter.de\/at\/wp-content\/uploads\/sites\/5\/2024\/01\/vds_iso_9001_240px.png","width":240,"height":117,"caption":"vds_iso_9001"},{"@type":"BreadcrumbList","@id":"https:\/\/totmann-schalter.de\/at\/uber-uns\/#breadcrumb","itemListElement":[{"@type":"ListItem","position":1,"name":"Accueil","item":"https:\/\/totmann-schalter.de\/at\/"},{"@type":"ListItem","position":2,"name":"\u00dcber uns"}]},{"@type":"WebSite","@id":"https:\/\/totmann-schalter.de\/at\/#website","url":"https:\/\/totmann-schalter.de\/at\/","name":"\u00d6sterreich","description":"","potentialAction":[{"@type":"SearchAction","target":{"@type":"EntryPoint","urlTemplate":"https:\/\/totmann-schalter.de\/at\/?s={search_term_string}"},"query-input":{"@type":"PropertyValueSpecification","valueRequired":true,"valueName":"search_term_string"}}],"inLanguage":"de-AT"}]}},"_links":{"self":[{"href":"https:\/\/totmann-schalter.de\/at\/wp-json\/wp\/v2\/pages\/866","targetHints":{"allow":["GET"]}}],"collection":[{"href":"https:\/\/totmann-schalter.de\/at\/wp-json\/wp\/v2\/pages"}],"about":[{"href":"https:\/\/totmann-schalter.de\/at\/wp-json\/wp\/v2\/types\/page"}],"author":[{"embeddable":true,"href":"https:\/\/totmann-schalter.de\/at\/wp-json\/wp\/v2\/users\/2"}],"replies":[{"embeddable":true,"href":"https:\/\/totmann-schalter.de\/at\/wp-json\/wp\/v2\/comments?post=866"}],"version-history":[{"count":6,"href":"https:\/\/totmann-schalter.de\/at\/wp-json\/wp\/v2\/pages\/866\/revisions"}],"predecessor-version":[{"id":6873,"href":"https:\/\/totmann-schalter.de\/at\/wp-json\/wp\/v2\/pages\/866\/revisions\/6873"}],"wp:attachment":[{"href":"https:\/\/totmann-schalter.de\/at\/wp-json\/wp\/v2\/media?parent=866"}],"curies":[{"name":"wp","href":"https:\/\/api.w.org\/{rel}","templated":true}]}}