{"id":4223,"date":"2024-04-03T17:59:04","date_gmt":"2024-04-03T15:59:04","guid":{"rendered":"https:\/\/almastest.de\/?page_id=4223"},"modified":"2024-12-05T12:28:50","modified_gmt":"2024-12-05T11:28:50","slug":"danke","status":"publish","type":"page","link":"https:\/\/totmann-schalter.de\/ch-de\/danke\/","title":{"rendered":"Danke"},"content":{"rendered":"\t\t<div data-elementor-type=\"wp-page\" data-elementor-id=\"4223\" class=\"elementor elementor-4223\" data-elementor-settings=\"{&quot;element_pack_global_tooltip_width&quot;:{&quot;unit&quot;:&quot;px&quot;,&quot;size&quot;:&quot;&quot;,&quot;sizes&quot;:[]},&quot;element_pack_global_tooltip_width_tablet&quot;:{&quot;unit&quot;:&quot;px&quot;,&quot;size&quot;:&quot;&quot;,&quot;sizes&quot;:[]},&quot;element_pack_global_tooltip_width_mobile&quot;:{&quot;unit&quot;:&quot;px&quot;,&quot;size&quot;:&quot;&quot;,&quot;sizes&quot;:[]},&quot;element_pack_global_tooltip_padding&quot;:{&quot;unit&quot;:&quot;px&quot;,&quot;top&quot;:&quot;&quot;,&quot;right&quot;:&quot;&quot;,&quot;bottom&quot;:&quot;&quot;,&quot;left&quot;:&quot;&quot;,&quot;isLinked&quot;:true},&quot;element_pack_global_tooltip_padding_tablet&quot;:{&quot;unit&quot;:&quot;px&quot;,&quot;top&quot;:&quot;&quot;,&quot;right&quot;:&quot;&quot;,&quot;bottom&quot;:&quot;&quot;,&quot;left&quot;:&quot;&quot;,&quot;isLinked&quot;:true},&quot;element_pack_global_tooltip_padding_mobile&quot;:{&quot;unit&quot;:&quot;px&quot;,&quot;top&quot;:&quot;&quot;,&quot;right&quot;:&quot;&quot;,&quot;bottom&quot;:&quot;&quot;,&quot;left&quot;:&quot;&quot;,&quot;isLinked&quot;:true},&quot;element_pack_global_tooltip_border_radius&quot;:{&quot;unit&quot;:&quot;px&quot;,&quot;top&quot;:&quot;&quot;,&quot;right&quot;:&quot;&quot;,&quot;bottom&quot;:&quot;&quot;,&quot;left&quot;:&quot;&quot;,&quot;isLinked&quot;:true},&quot;element_pack_global_tooltip_border_radius_tablet&quot;:{&quot;unit&quot;:&quot;px&quot;,&quot;top&quot;:&quot;&quot;,&quot;right&quot;:&quot;&quot;,&quot;bottom&quot;:&quot;&quot;,&quot;left&quot;:&quot;&quot;,&quot;isLinked&quot;:true},&quot;element_pack_global_tooltip_border_radius_mobile&quot;:{&quot;unit&quot;:&quot;px&quot;,&quot;top&quot;:&quot;&quot;,&quot;right&quot;:&quot;&quot;,&quot;bottom&quot;:&quot;&quot;,&quot;left&quot;:&quot;&quot;,&quot;isLinked&quot;:true}}\" data-elementor-post-type=\"page\">\n\t\t\t\t<div class=\"elementor-element elementor-element-a63716e e-flex e-con-boxed e-con e-parent\" data-id=\"a63716e\" data-element_type=\"container\" data-e-type=\"container\">\n\t\t\t\t\t<div class=\"e-con-inner\">\n\t\t<div class=\"elementor-element elementor-element-f950d95 e-con-full e-flex e-con e-child\" data-id=\"f950d95\" data-element_type=\"container\" data-e-type=\"container\">\n\t\t\t\t<div class=\"elementor-element elementor-element-d5569f4 elementor-widget elementor-widget-heading\" data-id=\"d5569f4\" data-element_type=\"widget\" data-e-type=\"widget\" data-widget_type=\"heading.default\">\n\t\t\t\t<div class=\"elementor-widget-container\">\n\t\t\t\t\t<h2 class=\"elementor-heading-title elementor-size-default\">Vielen Dank f\u00fcr Ihre Anfrage.<\/h2>\t\t\t\t<\/div>\n\t\t\t\t<\/div>\n\t\t\t\t<div class=\"elementor-element elementor-element-7d63a2f elementor-widget elementor-widget-text-editor\" data-id=\"7d63a2f\" data-element_type=\"widget\" data-e-type=\"widget\" data-widget_type=\"text-editor.default\">\n\t\t\t\t<div class=\"elementor-widget-container\">\n\t\t\t\t\t\t\t\t\t<p>Unser Team wird sich schnellstm\u00f6glich bei Ihnen melden.<\/p>\t\t\t\t\t\t\t\t<\/div>\n\t\t\t\t<\/div>\n\t\t\t\t<\/div>\n\t\t\t\t<div class=\"elementor-element elementor-element-2400a7c elementor-align-center elementor-widget elementor-widget-button\" data-id=\"2400a7c\" data-element_type=\"widget\" data-e-type=\"widget\" data-widget_type=\"button.default\">\n\t\t\t\t<div class=\"elementor-widget-container\">\n\t\t\t\t\t\t\t\t\t<div class=\"elementor-button-wrapper\">\n\t\t\t\t\t<a class=\"elementor-button elementor-button-link elementor-size-sm\" href=\"#\">\n\t\t\t\t\t\t<span class=\"elementor-button-content-wrapper\">\n\t\t\t\t\t\t\t\t\t<span class=\"elementor-button-text\">Zur\u00fcck zur Startseite<\/span>\n\t\t\t\t\t<\/span>\n\t\t\t\t\t<\/a>\n\t\t\t\t<\/div>\n\t\t\t\t\t\t\t\t<\/div>\n\t\t\t\t<\/div>\n\t\t\t\t\t<\/div>\n\t\t\t\t<\/div>\n\t\t<div class=\"elementor-element elementor-element-33d86ae e-flex e-con-boxed e-con e-parent\" data-id=\"33d86ae\" data-element_type=\"container\" data-e-type=\"container\">\n\t\t\t\t\t<div class=\"e-con-inner\">\n\t\t<div class=\"elementor-element elementor-element-3bcbba0 e-grid e-con-full e-con e-child\" data-id=\"3bcbba0\" data-element_type=\"container\" data-e-type=\"container\">\n\t\t\t\t<div class=\"elementor-element elementor-element-7b320e1 elementor-widget elementor-widget-image\" data-id=\"7b320e1\" data-element_type=\"widget\" data-e-type=\"widget\" data-widget_type=\"image.default\">\n\t\t\t\t<div class=\"elementor-widget-container\">\n\t\t\t\t\t\t\t\t\t\t\t\t\t\t\t\t<a href=\"https:\/\/totmann-schalter.de\/ch-de\/safewatch\/\">\n\t\t\t\t\t\t\t<img decoding=\"async\" width=\"250\" height=\"180\" src=\"https:\/\/totmann-schalter.de\/ch-de\/wp-content\/uploads\/sites\/6\/2024\/11\/safewatch.png\" class=\"attachment-large size-large wp-image-8166\" alt=\"\" \/>\t\t\t\t\t\t\t\t<\/a>\n\t\t\t\t\t\t\t\t\t\t\t\t\t\t\t<\/div>\n\t\t\t\t<\/div>\n\t\t\t\t<div class=\"elementor-element elementor-element-2f37ab0 elementor-widget elementor-widget-image\" data-id=\"2f37ab0\" data-element_type=\"widget\" data-e-type=\"widget\" data-widget_type=\"image.default\">\n\t\t\t\t<div class=\"elementor-widget-container\">\n\t\t\t\t\t\t\t\t\t\t\t\t\t\t\t\t<a href=\"https:\/\/totmann-schalter.de\/ch-de\/safeclip\/\">\n\t\t\t\t\t\t\t<img decoding=\"async\" width=\"245\" height=\"180\" src=\"https:\/\/totmann-schalter.de\/ch-de\/wp-content\/uploads\/sites\/6\/2024\/11\/safeclip-1.png\" class=\"attachment-large size-large wp-image-8158\" alt=\"\" \/>\t\t\t\t\t\t\t\t<\/a>\n\t\t\t\t\t\t\t\t\t\t\t\t\t\t\t<\/div>\n\t\t\t\t<\/div>\n\t\t\t\t<div class=\"elementor-element elementor-element-a6a937b elementor-widget elementor-widget-image\" data-id=\"a6a937b\" data-element_type=\"widget\" data-e-type=\"widget\" data-widget_type=\"image.default\">\n\t\t\t\t<div class=\"elementor-widget-container\">\n\t\t\t\t\t\t\t\t\t\t\t\t\t\t\t\t<a href=\"https:\/\/totmann-schalter.de\/ch-de\/safeability\/\">\n\t\t\t\t\t\t\t<img decoding=\"async\" width=\"250\" height=\"180\" src=\"https:\/\/totmann-schalter.de\/ch-de\/wp-content\/uploads\/sites\/6\/2024\/11\/safeability.png\" class=\"attachment-large size-large wp-image-8168\" alt=\"\" \/>\t\t\t\t\t\t\t\t<\/a>\n\t\t\t\t\t\t\t\t\t\t\t\t\t\t\t<\/div>\n\t\t\t\t<\/div>\n\t\t\t\t<div class=\"elementor-element elementor-element-6f18eca elementor-widget elementor-widget-image\" data-id=\"6f18eca\" data-element_type=\"widget\" data-e-type=\"widget\" data-widget_type=\"image.default\">\n\t\t\t\t<div class=\"elementor-widget-container\">\n\t\t\t\t\t\t\t\t\t\t\t\t\t\t\t\t<a href=\"https:\/\/totmann-schalter.de\/ch-de\/safetouch-ex\/\">\n\t\t\t\t\t\t\t<img loading=\"lazy\" decoding=\"async\" width=\"250\" height=\"180\" src=\"https:\/\/totmann-schalter.de\/ch-de\/wp-content\/uploads\/sites\/6\/2024\/11\/safetouchex.png\" class=\"attachment-large size-large wp-image-8172\" alt=\"\" \/>\t\t\t\t\t\t\t\t<\/a>\n\t\t\t\t\t\t\t\t\t\t\t\t\t\t\t<\/div>\n\t\t\t\t<\/div>\n\t\t\t\t<\/div>\n\t\t\t\t\t<\/div>\n\t\t\t\t<\/div>\n\t\t\t\t<\/div>\n\t\t","protected":false},"excerpt":{"rendered":"<p>Vielen Dank f\u00fcr Ihre Anfrage. Unser Team wird sich schnellstm\u00f6glich bei Ihnen melden. Zur\u00fcck zur Startseite<\/p>\n","protected":false},"author":1,"featured_media":0,"parent":0,"menu_order":0,"comment_status":"closed","ping_status":"closed","template":"","meta":{"footnotes":""},"class_list":["post-4223","page","type-page","status-publish","hentry"],"yoast_head":"<!-- This site is optimized with the Yoast SEO Premium plugin v27.1 (Yoast SEO v27.1.1) - https:\/\/yoast.com\/product\/yoast-seo-premium-wordpress\/ -->\n<title>Danke - Switzerland<\/title>\n<meta name=\"robots\" content=\"index, follow, max-snippet:-1, max-image-preview:large, max-video-preview:-1\" \/>\n<link rel=\"canonical\" href=\"https:\/\/totmann-schalter.de\/ch-de\/danke\/\" \/>\n<meta property=\"og:locale\" content=\"de_DE\" \/>\n<meta property=\"og:type\" content=\"article\" \/>\n<meta property=\"og:title\" content=\"Danke\" \/>\n<meta property=\"og:description\" content=\"Vielen Dank f\u00fcr Ihre Anfrage. Unser Team wird sich schnellstm\u00f6glich bei Ihnen melden. Zur\u00fcck zur Startseite\" \/>\n<meta property=\"og:url\" content=\"https:\/\/totmann-schalter.de\/ch-de\/danke\/\" \/>\n<meta property=\"og:site_name\" content=\"Switzerland\" \/>\n<meta property=\"article:modified_time\" content=\"2024-12-05T11:28:50+00:00\" \/>\n<meta property=\"og:image\" content=\"https:\/\/totmann-schalter.de\/ch-de\/wp-content\/uploads\/sites\/6\/2024\/11\/safewatch.png\" \/>\n\t<meta property=\"og:image:width\" content=\"250\" \/>\n\t<meta property=\"og:image:height\" content=\"180\" \/>\n\t<meta property=\"og:image:type\" content=\"image\/png\" \/>\n<meta name=\"twitter:card\" content=\"summary_large_image\" \/>\n<meta name=\"twitter:label1\" content=\"Gesch\u00e4tzte Lesezeit\" \/>\n\t<meta name=\"twitter:data1\" content=\"1\u00a0Minute\" \/>\n<script type=\"application\/ld+json\" class=\"yoast-schema-graph\">{\"@context\":\"https:\/\/schema.org\",\"@graph\":[{\"@type\":\"WebPage\",\"@id\":\"https:\/\/totmann-schalter.de\/ch-de\/danke\/\",\"url\":\"https:\/\/totmann-schalter.de\/ch-de\/danke\/\",\"name\":\"Danke - Switzerland\",\"isPartOf\":{\"@id\":\"https:\/\/totmann-schalter.de\/ch-de\/#website\"},\"primaryImageOfPage\":{\"@id\":\"https:\/\/totmann-schalter.de\/ch-de\/danke\/#primaryimage\"},\"image\":{\"@id\":\"https:\/\/totmann-schalter.de\/ch-de\/danke\/#primaryimage\"},\"thumbnailUrl\":\"https:\/\/totmann-schalter.de\/ch-de\/wp-content\/uploads\/sites\/6\/2024\/11\/safewatch.png\",\"datePublished\":\"2024-04-03T15:59:04+00:00\",\"dateModified\":\"2024-12-05T11:28:50+00:00\",\"breadcrumb\":{\"@id\":\"https:\/\/totmann-schalter.de\/ch-de\/danke\/#breadcrumb\"},\"inLanguage\":\"de-CH\",\"potentialAction\":[{\"@type\":\"ReadAction\",\"target\":[\"https:\/\/totmann-schalter.de\/ch-de\/danke\/\"]}]},{\"@type\":\"ImageObject\",\"inLanguage\":\"de-CH\",\"@id\":\"https:\/\/totmann-schalter.de\/ch-de\/danke\/#primaryimage\",\"url\":\"https:\/\/totmann-schalter.de\/ch-de\/wp-content\/uploads\/sites\/6\/2024\/11\/safewatch.png\",\"contentUrl\":\"https:\/\/totmann-schalter.de\/ch-de\/wp-content\/uploads\/sites\/6\/2024\/11\/safewatch.png\",\"width\":250,\"height\":180},{\"@type\":\"BreadcrumbList\",\"@id\":\"https:\/\/totmann-schalter.de\/ch-de\/danke\/#breadcrumb\",\"itemListElement\":[{\"@type\":\"ListItem\",\"position\":1,\"name\":\"Startseite\",\"item\":\"https:\/\/totmann-schalter.de\/ch-de\/\"},{\"@type\":\"ListItem\",\"position\":2,\"name\":\"Danke\"}]},{\"@type\":\"WebSite\",\"@id\":\"https:\/\/totmann-schalter.de\/ch-de\/#website\",\"url\":\"https:\/\/totmann-schalter.de\/ch-de\/\",\"name\":\"Switzerland\",\"description\":\"\",\"potentialAction\":[{\"@type\":\"SearchAction\",\"target\":{\"@type\":\"EntryPoint\",\"urlTemplate\":\"https:\/\/totmann-schalter.de\/ch-de\/?s={search_term_string}\"},\"query-input\":{\"@type\":\"PropertyValueSpecification\",\"valueRequired\":true,\"valueName\":\"search_term_string\"}}],\"inLanguage\":\"de-CH\"}]}<\/script>\n<!-- \/ Yoast SEO Premium plugin. -->","yoast_head_json":{"title":"Danke - Switzerland","robots":{"index":"index","follow":"follow","max-snippet":"max-snippet:-1","max-image-preview":"max-image-preview:large","max-video-preview":"max-video-preview:-1"},"canonical":"https:\/\/totmann-schalter.de\/ch-de\/danke\/","og_locale":"de_DE","og_type":"article","og_title":"Danke","og_description":"Vielen Dank f\u00fcr Ihre Anfrage. Unser Team wird sich schnellstm\u00f6glich bei Ihnen melden. Zur\u00fcck zur Startseite","og_url":"https:\/\/totmann-schalter.de\/ch-de\/danke\/","og_site_name":"Switzerland","article_modified_time":"2024-12-05T11:28:50+00:00","og_image":[{"width":250,"height":180,"url":"https:\/\/totmann-schalter.de\/ch-de\/wp-content\/uploads\/sites\/6\/2024\/11\/safewatch.png","type":"image\/png"}],"twitter_card":"summary_large_image","twitter_misc":{"Gesch\u00e4tzte Lesezeit":"1\u00a0Minute"},"schema":{"@context":"https:\/\/schema.org","@graph":[{"@type":"WebPage","@id":"https:\/\/totmann-schalter.de\/ch-de\/danke\/","url":"https:\/\/totmann-schalter.de\/ch-de\/danke\/","name":"Danke - Switzerland","isPartOf":{"@id":"https:\/\/totmann-schalter.de\/ch-de\/#website"},"primaryImageOfPage":{"@id":"https:\/\/totmann-schalter.de\/ch-de\/danke\/#primaryimage"},"image":{"@id":"https:\/\/totmann-schalter.de\/ch-de\/danke\/#primaryimage"},"thumbnailUrl":"https:\/\/totmann-schalter.de\/ch-de\/wp-content\/uploads\/sites\/6\/2024\/11\/safewatch.png","datePublished":"2024-04-03T15:59:04+00:00","dateModified":"2024-12-05T11:28:50+00:00","breadcrumb":{"@id":"https:\/\/totmann-schalter.de\/ch-de\/danke\/#breadcrumb"},"inLanguage":"de-CH","potentialAction":[{"@type":"ReadAction","target":["https:\/\/totmann-schalter.de\/ch-de\/danke\/"]}]},{"@type":"ImageObject","inLanguage":"de-CH","@id":"https:\/\/totmann-schalter.de\/ch-de\/danke\/#primaryimage","url":"https:\/\/totmann-schalter.de\/ch-de\/wp-content\/uploads\/sites\/6\/2024\/11\/safewatch.png","contentUrl":"https:\/\/totmann-schalter.de\/ch-de\/wp-content\/uploads\/sites\/6\/2024\/11\/safewatch.png","width":250,"height":180},{"@type":"BreadcrumbList","@id":"https:\/\/totmann-schalter.de\/ch-de\/danke\/#breadcrumb","itemListElement":[{"@type":"ListItem","position":1,"name":"Startseite","item":"https:\/\/totmann-schalter.de\/ch-de\/"},{"@type":"ListItem","position":2,"name":"Danke"}]},{"@type":"WebSite","@id":"https:\/\/totmann-schalter.de\/ch-de\/#website","url":"https:\/\/totmann-schalter.de\/ch-de\/","name":"Switzerland","description":"","potentialAction":[{"@type":"SearchAction","target":{"@type":"EntryPoint","urlTemplate":"https:\/\/totmann-schalter.de\/ch-de\/?s={search_term_string}"},"query-input":{"@type":"PropertyValueSpecification","valueRequired":true,"valueName":"search_term_string"}}],"inLanguage":"de-CH"}]}},"_links":{"self":[{"href":"https:\/\/totmann-schalter.de\/ch-de\/wp-json\/wp\/v2\/pages\/4223","targetHints":{"allow":["GET"]}}],"collection":[{"href":"https:\/\/totmann-schalter.de\/ch-de\/wp-json\/wp\/v2\/pages"}],"about":[{"href":"https:\/\/totmann-schalter.de\/ch-de\/wp-json\/wp\/v2\/types\/page"}],"author":[{"embeddable":true,"href":"https:\/\/totmann-schalter.de\/ch-de\/wp-json\/wp\/v2\/users\/1"}],"replies":[{"embeddable":true,"href":"https:\/\/totmann-schalter.de\/ch-de\/wp-json\/wp\/v2\/comments?post=4223"}],"version-history":[{"count":15,"href":"https:\/\/totmann-schalter.de\/ch-de\/wp-json\/wp\/v2\/pages\/4223\/revisions"}],"predecessor-version":[{"id":9042,"href":"https:\/\/totmann-schalter.de\/ch-de\/wp-json\/wp\/v2\/pages\/4223\/revisions\/9042"}],"wp:attachment":[{"href":"https:\/\/totmann-schalter.de\/ch-de\/wp-json\/wp\/v2\/media?parent=4223"}],"curies":[{"name":"wp","href":"https:\/\/api.w.org\/{rel}","templated":true}]}}