{"id":812,"date":"2024-01-15T10:46:09","date_gmt":"2024-01-15T09:46:09","guid":{"rendered":"https:\/\/almastest.de\/?page_id=812"},"modified":"2024-07-30T16:57:11","modified_gmt":"2024-07-30T14:57:11","slug":"impressum","status":"publish","type":"page","link":"https:\/\/totmann-schalter.de\/ch-de\/impressum\/","title":{"rendered":"Impressum"},"content":{"rendered":"\t\t<div data-elementor-type=\"wp-page\" data-elementor-id=\"812\" class=\"elementor elementor-812\" data-elementor-settings=\"{&quot;element_pack_global_tooltip_width&quot;:{&quot;unit&quot;:&quot;px&quot;,&quot;size&quot;:&quot;&quot;,&quot;sizes&quot;:[]},&quot;element_pack_global_tooltip_width_tablet&quot;:{&quot;unit&quot;:&quot;px&quot;,&quot;size&quot;:&quot;&quot;,&quot;sizes&quot;:[]},&quot;element_pack_global_tooltip_width_mobile&quot;:{&quot;unit&quot;:&quot;px&quot;,&quot;size&quot;:&quot;&quot;,&quot;sizes&quot;:[]},&quot;element_pack_global_tooltip_padding&quot;:{&quot;unit&quot;:&quot;px&quot;,&quot;top&quot;:&quot;&quot;,&quot;right&quot;:&quot;&quot;,&quot;bottom&quot;:&quot;&quot;,&quot;left&quot;:&quot;&quot;,&quot;isLinked&quot;:true},&quot;element_pack_global_tooltip_padding_tablet&quot;:{&quot;unit&quot;:&quot;px&quot;,&quot;top&quot;:&quot;&quot;,&quot;right&quot;:&quot;&quot;,&quot;bottom&quot;:&quot;&quot;,&quot;left&quot;:&quot;&quot;,&quot;isLinked&quot;:true},&quot;element_pack_global_tooltip_padding_mobile&quot;:{&quot;unit&quot;:&quot;px&quot;,&quot;top&quot;:&quot;&quot;,&quot;right&quot;:&quot;&quot;,&quot;bottom&quot;:&quot;&quot;,&quot;left&quot;:&quot;&quot;,&quot;isLinked&quot;:true},&quot;element_pack_global_tooltip_border_radius&quot;:{&quot;unit&quot;:&quot;px&quot;,&quot;top&quot;:&quot;&quot;,&quot;right&quot;:&quot;&quot;,&quot;bottom&quot;:&quot;&quot;,&quot;left&quot;:&quot;&quot;,&quot;isLinked&quot;:true},&quot;element_pack_global_tooltip_border_radius_tablet&quot;:{&quot;unit&quot;:&quot;px&quot;,&quot;top&quot;:&quot;&quot;,&quot;right&quot;:&quot;&quot;,&quot;bottom&quot;:&quot;&quot;,&quot;left&quot;:&quot;&quot;,&quot;isLinked&quot;:true},&quot;element_pack_global_tooltip_border_radius_mobile&quot;:{&quot;unit&quot;:&quot;px&quot;,&quot;top&quot;:&quot;&quot;,&quot;right&quot;:&quot;&quot;,&quot;bottom&quot;:&quot;&quot;,&quot;left&quot;:&quot;&quot;,&quot;isLinked&quot;:true}}\" data-elementor-post-type=\"page\">\n\t\t\t\t<div class=\"elementor-element elementor-element-ccbd941 e-flex e-con-boxed e-con e-parent\" data-id=\"ccbd941\" data-element_type=\"container\" data-e-type=\"container\">\n\t\t\t\t\t<div class=\"e-con-inner\">\n\t\t<div class=\"elementor-element elementor-element-bf1c115 e-con-full e-flex e-con e-child\" data-id=\"bf1c115\" data-element_type=\"container\" data-e-type=\"container\">\n\t\t\t\t<div class=\"elementor-element elementor-element-27c0892 elementor-widget elementor-widget-text-editor\" data-id=\"27c0892\" data-element_type=\"widget\" data-e-type=\"widget\" data-widget_type=\"text-editor.default\">\n\t\t\t\t<div class=\"elementor-widget-container\">\n\t\t\t\t\t\t\t\t\t<p><strong>Almas Industries Swiss SA<\/strong><\/p><p>La Croix-du-P\u00e9age 13<\/p><p>1029 Villars -Sainte-Croix<\/p><p><strong>Zweigniederlassung: <\/strong><\/p><p>Almas Industries Swiss SA,<\/p><p>Ringstrasse 9,<\/p><p>4123 Allschwill<\/p><p><strong>Direktor:<\/strong><\/p><p>Herv\u00e9 Mangonaux<\/p><p><strong>Verwaltungsr\u00e4te:<\/strong><\/p><p>Pierre Albert \u00c9mile Tripet<\/p><p>Julien Hungerb\u00fchler<\/p><p>Fr\u00e9d\u00e9ric Favreau<\/p><h2 class=\"wp-block-heading\">Kontakt<\/h2><p>Tel.: +41 61 312 27 75<\/p><p>E-Mail: <a href=\"mailto:info@almas-industries.ch\">info@almas-industries.ch<\/a><\/p><p>Trotz sorgf\u00e4ltiger inhaltlicher Kontrolle \u00fcbernehmen wir keine Haftung f\u00fcr die Inhalte externer Links. F\u00fcr den Inhalt der verlinkten Seiten sind ausschlie\u00dflich deren Betreiber verantwortlich. Alle hier verwendeten Namen, Begriffe, Zeichen und Grafiken k\u00f6nnen Marken- oder Warenzeichen im Besitze ihrer rechtlichen Eigent\u00fcmer sein. Die Rechte aller erw\u00e4hnten und benutzten Marken- und Warenzeichen liegen ausschlie\u00dflich bei deren Besitzern.<\/p>\t\t\t\t\t\t\t\t<\/div>\n\t\t\t\t<\/div>\n\t\t\t\t<\/div>\n\t\t<div class=\"elementor-element elementor-element-7e10fca e-con-full e-flex e-con e-child\" data-id=\"7e10fca\" data-element_type=\"container\" data-e-type=\"container\">\n\t\t\t\t<\/div>\n\t\t\t\t\t<\/div>\n\t\t\t\t<\/div>\n\t\t\t\t<\/div>\n\t\t","protected":false},"excerpt":{"rendered":"<p>Almas Industries Swiss SA La Croix-du-P\u00e9age 13 1029 Villars -Sainte-Croix Zweigniederlassung: Almas Industries Swiss SA, Ringstrasse 9, 4123 Allschwill Direktor: Herv\u00e9 Mangonaux [&hellip;]<\/p>\n","protected":false},"author":1,"featured_media":0,"parent":0,"menu_order":0,"comment_status":"closed","ping_status":"closed","template":"elementor_theme","meta":{"footnotes":""},"class_list":["post-812","page","type-page","status-publish","hentry"],"yoast_head":"<!-- This site is optimized with the Yoast SEO Premium plugin v27.1 (Yoast SEO v27.1.1) - https:\/\/yoast.com\/product\/yoast-seo-premium-wordpress\/ -->\n<title>Impressum - Switzerland<\/title>\n<meta name=\"robots\" content=\"index, follow, max-snippet:-1, max-image-preview:large, max-video-preview:-1\" \/>\n<link rel=\"canonical\" href=\"https:\/\/totmann-schalter.de\/ch-de\/impressum\/\" \/>\n<meta property=\"og:locale\" content=\"de_DE\" \/>\n<meta property=\"og:type\" content=\"article\" \/>\n<meta property=\"og:title\" content=\"Impressum\" \/>\n<meta property=\"og:description\" content=\"Almas Industries Swiss SA La Croix-du-P\u00e9age 13 1029 Villars -Sainte-Croix Zweigniederlassung: Almas Industries Swiss SA, Ringstrasse 9, 4123 Allschwill Direktor: Herv\u00e9 Mangonaux [&hellip;]\" \/>\n<meta property=\"og:url\" content=\"https:\/\/totmann-schalter.de\/ch-de\/impressum\/\" \/>\n<meta property=\"og:site_name\" content=\"Switzerland\" \/>\n<meta property=\"article:modified_time\" content=\"2024-07-30T14:57:11+00:00\" \/>\n<meta name=\"twitter:card\" content=\"summary_large_image\" \/>\n<meta name=\"twitter:label1\" content=\"Gesch\u00e4tzte Lesezeit\" \/>\n\t<meta name=\"twitter:data1\" content=\"1\u00a0Minute\" \/>\n<script type=\"application\/ld+json\" class=\"yoast-schema-graph\">{\"@context\":\"https:\/\/schema.org\",\"@graph\":[{\"@type\":\"WebPage\",\"@id\":\"https:\/\/totmann-schalter.de\/ch-de\/impressum\/\",\"url\":\"https:\/\/totmann-schalter.de\/ch-de\/impressum\/\",\"name\":\"Impressum - Switzerland\",\"isPartOf\":{\"@id\":\"https:\/\/totmann-schalter.de\/ch-de\/#website\"},\"datePublished\":\"2024-01-15T09:46:09+00:00\",\"dateModified\":\"2024-07-30T14:57:11+00:00\",\"breadcrumb\":{\"@id\":\"https:\/\/totmann-schalter.de\/ch-de\/impressum\/#breadcrumb\"},\"inLanguage\":\"de-CH\",\"potentialAction\":[{\"@type\":\"ReadAction\",\"target\":[\"https:\/\/totmann-schalter.de\/ch-de\/impressum\/\"]}]},{\"@type\":\"BreadcrumbList\",\"@id\":\"https:\/\/totmann-schalter.de\/ch-de\/impressum\/#breadcrumb\",\"itemListElement\":[{\"@type\":\"ListItem\",\"position\":1,\"name\":\"Startseite\",\"item\":\"https:\/\/totmann-schalter.de\/ch-de\/\"},{\"@type\":\"ListItem\",\"position\":2,\"name\":\"Impressum\"}]},{\"@type\":\"WebSite\",\"@id\":\"https:\/\/totmann-schalter.de\/ch-de\/#website\",\"url\":\"https:\/\/totmann-schalter.de\/ch-de\/\",\"name\":\"Switzerland\",\"description\":\"\",\"potentialAction\":[{\"@type\":\"SearchAction\",\"target\":{\"@type\":\"EntryPoint\",\"urlTemplate\":\"https:\/\/totmann-schalter.de\/ch-de\/?s={search_term_string}\"},\"query-input\":{\"@type\":\"PropertyValueSpecification\",\"valueRequired\":true,\"valueName\":\"search_term_string\"}}],\"inLanguage\":\"de-CH\"}]}<\/script>\n<!-- \/ Yoast SEO Premium plugin. -->","yoast_head_json":{"title":"Impressum - Switzerland","robots":{"index":"index","follow":"follow","max-snippet":"max-snippet:-1","max-image-preview":"max-image-preview:large","max-video-preview":"max-video-preview:-1"},"canonical":"https:\/\/totmann-schalter.de\/ch-de\/impressum\/","og_locale":"de_DE","og_type":"article","og_title":"Impressum","og_description":"Almas Industries Swiss SA La Croix-du-P\u00e9age 13 1029 Villars -Sainte-Croix Zweigniederlassung: Almas Industries Swiss SA, Ringstrasse 9, 4123 Allschwill Direktor: Herv\u00e9 Mangonaux [&hellip;]","og_url":"https:\/\/totmann-schalter.de\/ch-de\/impressum\/","og_site_name":"Switzerland","article_modified_time":"2024-07-30T14:57:11+00:00","twitter_card":"summary_large_image","twitter_misc":{"Gesch\u00e4tzte Lesezeit":"1\u00a0Minute"},"schema":{"@context":"https:\/\/schema.org","@graph":[{"@type":"WebPage","@id":"https:\/\/totmann-schalter.de\/ch-de\/impressum\/","url":"https:\/\/totmann-schalter.de\/ch-de\/impressum\/","name":"Impressum - Switzerland","isPartOf":{"@id":"https:\/\/totmann-schalter.de\/ch-de\/#website"},"datePublished":"2024-01-15T09:46:09+00:00","dateModified":"2024-07-30T14:57:11+00:00","breadcrumb":{"@id":"https:\/\/totmann-schalter.de\/ch-de\/impressum\/#breadcrumb"},"inLanguage":"de-CH","potentialAction":[{"@type":"ReadAction","target":["https:\/\/totmann-schalter.de\/ch-de\/impressum\/"]}]},{"@type":"BreadcrumbList","@id":"https:\/\/totmann-schalter.de\/ch-de\/impressum\/#breadcrumb","itemListElement":[{"@type":"ListItem","position":1,"name":"Startseite","item":"https:\/\/totmann-schalter.de\/ch-de\/"},{"@type":"ListItem","position":2,"name":"Impressum"}]},{"@type":"WebSite","@id":"https:\/\/totmann-schalter.de\/ch-de\/#website","url":"https:\/\/totmann-schalter.de\/ch-de\/","name":"Switzerland","description":"","potentialAction":[{"@type":"SearchAction","target":{"@type":"EntryPoint","urlTemplate":"https:\/\/totmann-schalter.de\/ch-de\/?s={search_term_string}"},"query-input":{"@type":"PropertyValueSpecification","valueRequired":true,"valueName":"search_term_string"}}],"inLanguage":"de-CH"}]}},"_links":{"self":[{"href":"https:\/\/totmann-schalter.de\/ch-de\/wp-json\/wp\/v2\/pages\/812","targetHints":{"allow":["GET"]}}],"collection":[{"href":"https:\/\/totmann-schalter.de\/ch-de\/wp-json\/wp\/v2\/pages"}],"about":[{"href":"https:\/\/totmann-schalter.de\/ch-de\/wp-json\/wp\/v2\/types\/page"}],"author":[{"embeddable":true,"href":"https:\/\/totmann-schalter.de\/ch-de\/wp-json\/wp\/v2\/users\/1"}],"replies":[{"embeddable":true,"href":"https:\/\/totmann-schalter.de\/ch-de\/wp-json\/wp\/v2\/comments?post=812"}],"version-history":[{"count":9,"href":"https:\/\/totmann-schalter.de\/ch-de\/wp-json\/wp\/v2\/pages\/812\/revisions"}],"predecessor-version":[{"id":6235,"href":"https:\/\/totmann-schalter.de\/ch-de\/wp-json\/wp\/v2\/pages\/812\/revisions\/6235"}],"wp:attachment":[{"href":"https:\/\/totmann-schalter.de\/ch-de\/wp-json\/wp\/v2\/media?parent=812"}],"curies":[{"name":"wp","href":"https:\/\/api.w.org\/{rel}","templated":true}]}}